{"id":20,"date":"2017-03-12T16:37:09","date_gmt":"2017-03-12T16:37:09","guid":{"rendered":"http:\/\/test.hallenberger-media.de\/?page_id=20"},"modified":"2017-11-26T12:16:46","modified_gmt":"2017-11-26T12:16:46","slug":"agb","status":"publish","type":"page","link":"https:\/\/hallenberger-media-ebooks.de\/en\/terms-and-conditions\/","title":{"rendered":"Terms and Conditions"},"content":{"rendered":"<p>\u00a7 1 Geltungsbereich und Begriffsdefinitionen<br \/>\nDiese allgemeinen Gesch\u00e4ftsbedingungen gelten f\u00fcr alle Gesch\u00e4ftsbeziehungen zwischen der Hallenberger Media GmbH im Nachfolgenden \u201eHallenberger Media\u201c und ihren Kunden. Soweit Vorschriften nur f\u00fcr Verbraucher oder Unternehmer gelten, ist dies in den Vorschriften ausdr\u00fccklich geregelt. Als Verbraucher ist der Kunde anzusehen, wenn er gem. \u00a7 13 BGB eine nat\u00fcrliche Person ist, die ein Rechtsgesch\u00e4ft zu einem Zwecke abschlie\u00dft, der weder ihrer gewerblichen noch ihrer selbst\u00e4ndigen beruflichen T\u00e4tigkeit zugerechnet werden kann. Als Unternehmer im Sinne des \u00a7 14 BGB wird angesehen, wer eine nat\u00fcrliche oder juristische Person oder eine rechtsf\u00e4hige Personengesellschaft ist, die bei Abschluss eines Rechtsgesch\u00e4fts in Aus\u00fcbung ihrer gewerblichen oder selbst\u00e4ndigen beruflichen T\u00e4tigkeit handelt. Eine rechtsf\u00e4hige Personengesellschaft ist eine Personengesellschaft, die mit der F\u00e4higkeit ausgestattet ist, Rechte zu erwerben und Verbindlichkeiten einzugehen.<\/p>\n<p>\u00a7 2 Vertragsabschluss<br \/>\n(1) Die Darstellung des Sortiments auf unserer Internetseite stellt kein Angebot i.S.d. \u00a7\u00a7 145 ff BGB dar, sondern eine unverbindliche Aufforderung an den Kunden, diese Produkte zu bestellen.<br \/>\n(2) Indem der Kunde per Internet (durch Anklicken des Buttons &#8220;Kaufen&#8221;), E-Mail, Telefon, Fax oder \u00fcber sonstige Kommunikationswege eine Bestellung an uns absendet, gibt er ein verbindliches Angebot auf Abschluss eines Kaufvertrages mit uns ab. Der Kunde erh\u00e4lt eine Best\u00e4tigung des Empfangs der Bestellung per E-Mail (Bestelleingangsbest\u00e4tigung), in der die Bestelldaten aufgef\u00fchrt sind. Diese Bestelleingangsbest\u00e4tigung stellt keine Annahme des Angebots dar, sondern soll den Kunden nur dar\u00fcber informieren, dass die Bestellung bei uns\u00a0 eingegangen ist.<br \/>\n(3) Der Vertrag\u00a0 kommt zustande, wenn wir das\u00a0 Angebot annehmen, indem wir\u00a0 das bestellte Produkt an den Kunden versenden bzw. den Versand an den Kunden mit einer zweiten E-Mail (Versandbest\u00e4tigung) best\u00e4tigen. Bei der Zahlungsart \u201eVorkasse\u201c kommt der Kaufvertrag bereits zustande, wenn wir die Vorkasseaufforderung an den Kunden senden.<br \/>\n(4) K\u00f6nnen wir das Angebot des Kunden nicht annehmen, wird der Kunde anstelle der Annahme der Bestellung innerhalb von 10 Tagen \u00fcber die Nichtverf\u00fcgbarkeit informiert. Bereits erbrachte Gegenleistungen des Kunden werden unverz\u00fcglich erstattet.<\/p>\n<p>\u00a7 3 Preise<br \/>\nDer angegebene Preis ist ein Endpreis zuz\u00fcglich Versandkosten. Alle Preise sind in EURO (EUR) einschlie\u00dflich Umsatzsteuer angegeben.<\/p>\n<p>\u00a7 4 Zahlungsbedingungen<br \/>\nEs werden die auf der Angebotsseite aufgezeigten Zahlungsarten akzeptiert. Soweit nichts anderes vereinbart, ist der Betrag zuz\u00fcglich der Versandkosten sofort per Vorkasse zu zahlen. Soweit Hallenberger Media eine g\u00fcltige E-Mail-Adresse des Kunden vorliegt, erfolgt der Versand der Rechnung per E-Mail.<\/p>\n<p>\u00a7 5 Eigentumsvorbehalt<br \/>\nDie von uns gelieferte Ware bleibt bis zur vollst\u00e4ndigen Bezahlung unser uneingeschr\u00e4nktes Eigentum.<\/p>\n<p>\u00a7 6 Lieferung, Versandkosten<br \/>\nDie Lieferung erfolgt zu den jeweils bei der Angebotsbeschreibung ausgewiesenen Versandkosten. Bei Bestellung per Nachnahme werden zus\u00e4tzlich Nachnahmegeb\u00fchren erhoben. Die H\u00f6he der Geb\u00fchren wird in der Artikelbeschreibung angegeben. Soweit anteilige gesonderte Porto-, Verpackungs- und Versicherungskosten bei unseren Sendungen berechnet werden, gelten die Angaben in der Artikelbeschreibung.<br \/>\nEine \u00c4nderung der Anschrift des K\u00e4ufers ist uns bis zur vollst\u00e4ndigen Bezahlung der Rechnung unaufgefordert mitzuteilen, andernfalls gehen die Kosten von Adressermittlungen zu Lasten des Kunden. Die gegebenenfalls erforderliche Paketnachforschungsgeb\u00fchr des Logistikunternehmens geht zu Lasten des Kunden.<\/p>\n<p>Widerrufsbelehrung<\/p>\n<p>Widerrufsrecht<\/p>\n<p>Sie haben das Recht, binnen vierzehn Tagen ohne Angabe von Gr\u00fcnden diesen Vertrag zu widerrufen.<\/p>\n<p>Die Widerrufsfrist betr\u00e4gt vierzehn Tage ab dem Tag des Vertragsabschlusses.<\/p>\n<p>Um Ihr Widerrufsrecht auszu\u00fcben, m\u00fcssen Sie uns (Hallenberger Media GmbH, Am F\u00f6rsterkopf 11, 38707 Altenau, Deutschland, Telefon 05328-98 99 801, eMail: widerruf@hallenberger-media.de) mittels einer eindeutigen Erkl\u00e4rung (z.B. ein mit der Post versandter Brief) \u00fcber Ihren Entschluss, diesen Vertrag zu widerrufen, informieren.<\/p>\n<p>Zur Wahrung der Widerrufsfrist reicht es aus, dass Sie die Mitteilung \u00fcber die Aus\u00fcbung des Widerrufsrechts vor Ablauf der Widerrufsfrist absenden.<\/p>\n<p>Folgen des Widerrufs<\/p>\n<p>Wenn Sie diesen Vertrag widerrufen, haben wir Ihnen alle Zahlungen, die wir von Ihnen erhalten haben, einschlie\u00dflich der Lieferkosten (mit Ausnahme der zus\u00e4tzlichen Kosten, die sich daraus ergeben, dass Sie eine andere Art der Lieferung als die von uns angebotene, g\u00fcnstigste Standardlieferung gew\u00e4hlt haben), unverz\u00fcglich und sp\u00e4testens binnen vierzehn Tagen ab dem Tag zur\u00fcckzuzahlen, an dem die Mitteilung \u00fcber Ihren Widerruf dieses Vertrags bei uns eingegangen ist. F\u00fcr diese R\u00fcckzahlung verwenden wir dasselbe Zahlungsmittel, das Sie bei der urspr\u00fcnglichen Transaktion eingesetzt haben, es sei denn, mit Ihnen wurde ausdr\u00fccklich etwas anderes vereinbart; in keinem Fall werden Ihnen wegen dieser R\u00fcckzahlung Entgelte berechnet.<\/p>\n<p>ENDE DER WIDERRUFSBELEHRUNG<\/p>\n<p>\u00a7 8 Gew\u00e4hrleistung, Verj\u00e4hrung der Anspr\u00fcche<br \/>\nDie Gew\u00e4hrleistung erfolgt nach den gesetzlichen Bestimmungen. Die Dauer der Gew\u00e4hrleistungsfrist betr\u00e4gt f\u00fcr Verbraucher 2 Jahre und f\u00fcr Unternehmer 1 Jahr. Nur bei gebrauchten Sachen betr\u00e4gt die Gew\u00e4hrleistungsfrist auch bei Verbrauchern abweichend 1 Jahr. Die Gew\u00e4hrleistungsfrist beginnt sowohl bei Verbrauchern als auch bei Unternehmern mit dem Zeitpunkt des Gefahr\u00fcbergangs. Hinsichtlich der Haftung f\u00fcr Sch\u00e4den an K\u00f6rper, Leben und Gesundheit, der Haftung nach dem Produkthaftungsgesetz, f\u00fcr gegebene Garantien sowie hinsichtlich Sch\u00e4den, die durch Vorsatz oder grobes Verschulden entstehen, gelten die gesetzlichen Verj\u00e4hrungsfristen.<\/p>\n<p>\u00a7 9 Datenschutz<br \/>\nWir verwenden die von Ihnen mitgeteilten Daten zur Erf\u00fcllung und Abwicklung Ihrer Bestellung. Als die nach den datenschutzrechtlichen Bestimmungen verantwortliche Stelle versichern wir Ihnen, dass die Erhebung, die Speicherung, die Ver\u00e4nderung, die \u00dcbermittlung, die Sperrung, die L\u00f6schung und die Nutzung Ihrer personenbezogenen Daten in unserem Unternehmen zum Schutze Ihrer personenbezogenen Daten immer in \u00dcbereinstimmung mit den geltenden Datenschutzbestimmungen und \u00fcbrigen gesetzlichen Regelungen erfolgt.<\/p>\n<p>Wir beauftragen andere Unternehmen und Einzelpersonen mit der Erf\u00fcllung von Aufgaben f\u00fcr uns. Beispiele sind u. a. Paketlieferung, Sendung von Briefen oder Abwicklung von Zahlungen. Diese Dienstleister haben Zugang zu pers\u00f6nlichen Informationen, die zur Erf\u00fcllung ihrer Aufgaben ben\u00f6tigt werden. Sie d\u00fcrfen diese jedoch nicht zu anderen Zwecken verwenden. Dar\u00fcber hinaus sind sie verpflichtet, die Informationen gem\u00e4\u00df dieser Datenschutzerkl\u00e4rung sowie den deutschen Datenschutzgesetzen zu behandeln.<br \/>\nNach dem Bundesdatenschutzgesetz haben Sie ein Recht auf unentgeltliche Auskunft \u00fcber Ihre gespeicherten Daten sowie ggf. ein Recht auf Berichtigung, Sperrung und L\u00f6schung dieser Daten. Wenden Sie sich mit entsprechenden Anfragen oder Mitteilungen an die in der Anbieterkennzeichnung angegebene Adresse. Im Falle einer entsprechenden Mitteilung werden die zu Ihrer Personen gespeicherten personenbezogenen Daten gel\u00f6scht, es sei denn, die betreffenden Daten werden zur Erf\u00fcllung der Pflichten des geschlossenen Vertragsverh\u00e4ltnisses noch ben\u00f6tigt oder gesetzliche Regelungen stehen einer L\u00f6schung entgegen. In diesem Fall tritt an die Stelle einer L\u00f6schung eine Sperrung der betreffenden personenbezogenen Daten. Mit s\u00e4mtlichen datenschutzrechtlichen Anfragen wenden Sie sich bitte an die in der Anbieterkennzeichnung angegebene Adresse.<\/p>\n<p>\u00a7 10 eBooks, Elektronische Texte, Dateien<br \/>\n(1) Die Annahme des Nutzungsvertrags \u00fcber eBooks und elektronische Texte und Dateien (beides im Folgenden: &#8220;E-Dateien&#8221;) und deren Lieferung erfolgt durch die Sendung einer E-Mail an die vom Kunden angegebene E-Mail-Adresse. Diese E-Mail enth\u00e4lt entweder die Datei mit dem elektronischen Inhalt als pdf oder Word-Dokument oder einen Link zum Herunterladen des eBooks.<br \/>\n(2) Der Kunde erh\u00e4lt das einfache, nicht \u00fcbertragbare, r\u00e4umlich und zeitlich uneingeschr\u00e4nkte Recht, die angebotenen Titel zum ausschlie\u00dflich pers\u00f6nlichen Gebrauch gem\u00e4\u00df Urheberrechtsgesetz zu nutzen. Dar\u00fcber hinaus ist es nicht gestattet, E-Dateien in irgendeiner Weise inhaltlich oder redaktionell\u00a0 oder in sonstiger Weise zu \u00e4ndern oder ge\u00e4nderte Versionen zu benutzen, sie f\u00fcr Dritte zu kopieren, \u00f6ffentlich zug\u00e4nglich zu machen bzw. weiterzuleiten, im Internet oder in andere Netzwerke entgeltlich oder unentgeltlich einzustellen, sie nachzuahmen, weiterzuverkaufen, weiterzuvermieten oder f\u00fcr kommerzielle Zwecke zu nutzen.<\/p>\n<p>\u00a7 11 Weitere Verbraucherinformationen<br \/>\nDer Vertragstext wird auf der Homepage vor Absenden der Bestellung angezeigt. Sie haben die M\u00f6glichkeit, den Vertragstext mittels der Druckfunktion Ihres Browsers auszudrucken. Sie k\u00f6nnen den Vertragstext mittels Ihres Browsers auch abspeichern. Durch den Klick auf Ihre rechte Maustaste k\u00f6nnen Sie die Internetseite auf Ihrem Computer abspeichern. Der Vertragstext wird auch von Hallenberger Media gespeichert ist aber bei uns f\u00fcr Sie nicht abrufbar.<br \/>\nSie erhalten nach Vertragsschluss automatisch eine E-Mail mit weiteren Informationen zur Abwicklung des Vertrages. Hierin sind auch der Vertragstext, diese Allgemeinen Gesch\u00e4ftsbedingungen und s\u00e4mtliche Verbraucherinformationen enthalten. Beanstandungen und Gew\u00e4hrleistungsanspr\u00fcche k\u00f6nnen Sie unter der in der Anbieterkennzeichnung angegebenen Adresse vorbringen. Informationen zur Zahlung, Lieferung oder Erf\u00fcllung entnehmen Sie bitte dem Angebot.<\/p>\n<p>\u00a7 12 Schlussbestimmungen<br \/>\n(1) F\u00fcr die Rechtsbeziehungen der Kunden und Hallenberger Media gilt deutsches Recht. Ist der Kunde Verbraucher, kann auch das Recht am Wohnsitz des Kunden anwendbar sein, sofern es sich um zwingende verbraucherrechtliche Bestimmungen handelt.<br \/>\n(2) Sofern der Kunde Kaufmann ist, ist Altenau ausschlie\u00dflicher Gerichtsstand f\u00fcr alle Anspr\u00fcche im Zusammenhang mit dieser Gesch\u00e4ftsbeziehung.<\/p>\n<p>Anbieterkennzeichnung:<br \/>\nHallenberger Media GmbH<br \/>\nAm F\u00f6rsterkopf 11<br \/>\n38707 Altenau<br \/>\nVertretungsberechtigter Gesch\u00e4ftsf\u00fchrer: Christian Hallenberger<br \/>\nE-Mail: info@hallenberger-media.de<br \/>\nTelefonnummer: +49 (0) 5328 &#8211; 98 99 801<br \/>\nUSt-ID: DE274069671<br \/>\nRegister, Registernummer: Amtsgericht Braunschweig, HRB 202699<\/p>\n","protected":false},"excerpt":{"rendered":"<p>\u00a7 1 Geltungsbereich und Begriffsdefinitionen Diese allgemeinen Gesch\u00e4ftsbedingungen gelten f\u00fcr alle Gesch\u00e4ftsbeziehungen zwischen der Hallenberger Media GmbH im Nachfolgenden \u201eHallenberger Media\u201c und ihren Kunden. Soweit Vorschriften nur f\u00fcr Verbraucher oder Unternehmer gelten, ist dies in den Vorschriften ausdr\u00fccklich geregelt. Als Verbraucher ist der Kunde anzusehen, wenn er gem. \u00a7 13 BGB eine nat\u00fcrliche Person ist,&#8230;<\/p>\n","protected":false},"author":1,"featured_media":0,"parent":0,"menu_order":0,"comment_status":"closed","ping_status":"closed","template":"","meta":{"footnotes":""},"class_list":["post-20","page","type-page","status-publish","hentry"],"translation":{"provider":"WPGlobus","version":"3.0.2","language":"en","enabled_languages":["de","en"],"languages":{"de":{"title":true,"content":true,"excerpt":false},"en":{"title":true,"content":false,"excerpt":false}}},"_links":{"self":[{"href":"https:\/\/hallenberger-media-ebooks.de\/en\/wp-json\/wp\/v2\/pages\/20","targetHints":{"allow":["GET"]}}],"collection":[{"href":"https:\/\/hallenberger-media-ebooks.de\/en\/wp-json\/wp\/v2\/pages"}],"about":[{"href":"https:\/\/hallenberger-media-ebooks.de\/en\/wp-json\/wp\/v2\/types\/page"}],"author":[{"embeddable":true,"href":"https:\/\/hallenberger-media-ebooks.de\/en\/wp-json\/wp\/v2\/users\/1"}],"replies":[{"embeddable":true,"href":"https:\/\/hallenberger-media-ebooks.de\/en\/wp-json\/wp\/v2\/comments?post=20"}],"version-history":[{"count":6,"href":"https:\/\/hallenberger-media-ebooks.de\/en\/wp-json\/wp\/v2\/pages\/20\/revisions"}],"predecessor-version":[{"id":206,"href":"https:\/\/hallenberger-media-ebooks.de\/en\/wp-json\/wp\/v2\/pages\/20\/revisions\/206"}],"wp:attachment":[{"href":"https:\/\/hallenberger-media-ebooks.de\/en\/wp-json\/wp\/v2\/media?parent=20"}],"curies":[{"name":"wp","href":"https:\/\/api.w.org\/{rel}","templated":true}]}}